{"id":30,"date":"2014-01-30T14:23:41","date_gmt":"2014-01-30T14:23:41","guid":{"rendered":"http:\/\/creacionformulariosonline.com\/?page_id=30"},"modified":"2021-12-09T16:36:39","modified_gmt":"2021-12-09T16:36:39","slug":"ventajas-de-los-formularios","status":"publish","type":"page","link":"https:\/\/www.josebernalte.com\/crear-formularios-online\/ventajas-de-los-formularios\/","title":{"rendered":"Ventajas del formulario online"},"content":{"rendered":"\n<p>Los formularios online son una herramienta \u00fatil para la obtenci\u00f3n de datos de todo tipo. Entre sus muchas ventajas podemos destacar:<\/p>\n\n\n\n<ul><li><strong>Dise\u00f1o a medida<\/strong>. Ventaja importantisima ya que puedes crear formularios online con dise\u00f1os que se ajusten a tus necesidades. Ponemos a tu alcance una herramienta de f\u00e1cil uso personalizada. Puedes cambiar colores, fondos, textos, poner tu imagen corporativa, etc.<\/li><li><strong>Integraci\u00f3n<\/strong>. Esta ventaja es muy \u00fatil ya que de una forma f\u00e1cil puedes integrar tu formulario online en tus redes sociales, p\u00e1gina web o mediante un c\u00f3digo Qr en tu tarjeta de visita. \u00a1Genial!<\/li><li><strong>Notificaciones<\/strong>. Ponemos a tu disposici\u00f3n que los datos que se vayan recogiendo de tu formulario online te lleguen a tu correo electr\u00f3nico o directamente los puedas ver en tu secci\u00f3n privada en nuestra web. Y tranquilo, todos tus formularios se guardan en nuestra base de datos de nuestros servidores para que los puedas consultar en cualquier momento.<\/li><li><strong>Coste<\/strong>: El formulario online te permitir\u00e1 reducir costes en tus campa\u00f1as de marketing online.<\/li><li><strong>Datos reales<\/strong>: Ya que es el propio clientes el que se inscribe, esta captaci\u00f3n de datos nos da un margen de error much\u00edsimo menor que en el formulario de papel con lo que iremos mejorando nuestra base de datos.<\/li><li><strong>Coste<\/strong>: El formulario online es el m\u00e9todo m\u00e1s barato que hay,\u00a0simplemente con un dispositivo, internet y una app que te cree el formulario. Hay empresas que por un precio muy razonable te ofrecen la creaci\u00f3n de formularios a tu gusto de una manera f\u00e1cil y barata.<\/li><li><strong>Rapidez<\/strong>: Los formularios son muy r\u00e1pidos y muy f\u00e1ciles de crear, escribir el motivo del formulario en una frase, por ejemplo, \u201csuscr\u00edbete a nuestro bolet\u00edn y recibe todas las novedades\u201d, los campos que quieras saber (nombre, edad, email\u2026) y listo!<\/li><li><strong>Segmentaci\u00f3n<\/strong>: Los datos se recoger\u00e1n de manera ordenada, por lo tanto, seg\u00fan los campos que solicites podr\u00e1n ordenarlo en relaci\u00f3n a esos filtros: \u201cmujeres de 30 a\u00f1os\u201d, \u201camas de casa\u201d, \u201caficionado a los coches\u201d<\/li><li><strong>Contactos \u00fatiles<\/strong>: Al ser los propios usuarios los que rellenan el formulario, ellos mismo solicitan esa informaci\u00f3n y te dan su email, por lo tanto ser\u00e1n contactos activos y \u00fatiles.<\/li><\/ul>\n","protected":false},"excerpt":{"rendered":"<p>Los formularios online son una herramienta \u00fatil para la obtenci\u00f3n de datos de todo tipo. Entre sus muchas ventajas podemos destacar: Dise\u00f1o a medida. Ventaja importantisima ya que puedes crear formularios online con dise\u00f1os que se ajusten a tus necesidades. Ponemos a tu alcance una herramienta de f\u00e1cil uso personalizada. Puedes cambiar colores, fondos, textos, [&hellip;]<\/p>\n","protected":false},"author":1,"featured_media":0,"parent":0,"menu_order":0,"comment_status":"closed","ping_status":"closed","template":"","meta":[],"yoast_head":"<!-- This site is optimized with the Yoast SEO plugin v20.5 - https:\/\/yoast.com\/wordpress\/plugins\/seo\/ -->\n<title>Ventajas de los Formularios Online Digitales \u00b7 Jose Bernalte<\/title>\n<meta name=\"description\" content=\"Descubre las ventajas en la creaci\u00f3n de formularios online. Una forma f\u00e1cil de hacer campa\u00f1as de marketing online. \u00a1Pru\u00e9balo!\" \/>\n<meta name=\"robots\" content=\"index, follow, max-snippet:-1, max-image-preview:large, max-video-preview:-1\" \/>\n<link rel=\"canonical\" href=\"https:\/\/www.josebernalte.com\/crear-formularios-online\/ventajas-de-los-formularios\/\" \/>\n<meta property=\"og:locale\" content=\"es_ES\" \/>\n<meta property=\"og:type\" content=\"article\" \/>\n<meta property=\"og:title\" content=\"Ventajas de los Formularios Online Digitales \u00b7 Jose Bernalte\" \/>\n<meta property=\"og:description\" content=\"Descubre las ventajas en la creaci\u00f3n de formularios online. Una forma f\u00e1cil de hacer campa\u00f1as de marketing online. \u00a1Pru\u00e9balo!\" \/>\n<meta property=\"og:url\" content=\"https:\/\/www.josebernalte.com\/crear-formularios-online\/ventajas-de-los-formularios\/\" \/>\n<meta property=\"og:site_name\" content=\"Inbound marketing\" \/>\n<meta property=\"article:modified_time\" content=\"2021-12-09T16:36:39+00:00\" \/>\n<meta name=\"twitter:card\" content=\"summary_large_image\" \/>\n<meta name=\"twitter:label1\" content=\"Tiempo de lectura\" \/>\n\t<meta name=\"twitter:data1\" content=\"2 minutos\" \/>\n<script type=\"application\/ld+json\" class=\"yoast-schema-graph\">{\"@context\":\"https:\/\/schema.org\",\"@graph\":[{\"@type\":\"WebPage\",\"@id\":\"https:\/\/www.josebernalte.com\/crear-formularios-online\/ventajas-de-los-formularios\/\",\"url\":\"https:\/\/www.josebernalte.com\/crear-formularios-online\/ventajas-de-los-formularios\/\",\"name\":\"Ventajas de los Formularios Online Digitales \u00b7 Jose Bernalte\",\"isPartOf\":{\"@id\":\"https:\/\/www.josebernalte.com\/crear-formularios-online\/#website\"},\"datePublished\":\"2014-01-30T14:23:41+00:00\",\"dateModified\":\"2021-12-09T16:36:39+00:00\",\"description\":\"Descubre las ventajas en la creaci\u00f3n de formularios online. Una forma f\u00e1cil de hacer campa\u00f1as de marketing online. \u00a1Pru\u00e9balo!\",\"breadcrumb\":{\"@id\":\"https:\/\/www.josebernalte.com\/crear-formularios-online\/ventajas-de-los-formularios\/#breadcrumb\"},\"inLanguage\":\"es\",\"potentialAction\":[{\"@type\":\"ReadAction\",\"target\":[\"https:\/\/www.josebernalte.com\/crear-formularios-online\/ventajas-de-los-formularios\/\"]}]},{\"@type\":\"BreadcrumbList\",\"@id\":\"https:\/\/www.josebernalte.com\/crear-formularios-online\/ventajas-de-los-formularios\/#breadcrumb\",\"itemListElement\":[{\"@type\":\"ListItem\",\"position\":1,\"name\":\"Portada\",\"item\":\"https:\/\/www.josebernalte.com\/crear-formularios-online\/\"},{\"@type\":\"ListItem\",\"position\":2,\"name\":\"Ventajas del formulario online\"}]},{\"@type\":\"WebSite\",\"@id\":\"https:\/\/www.josebernalte.com\/crear-formularios-online\/#website\",\"url\":\"https:\/\/www.josebernalte.com\/crear-formularios-online\/\",\"name\":\"Inbound marketing\",\"description\":\"Aprende a utilizar los formularios online para captaci\u00f3n de clientes\",\"potentialAction\":[{\"@type\":\"SearchAction\",\"target\":{\"@type\":\"EntryPoint\",\"urlTemplate\":\"https:\/\/www.josebernalte.com\/crear-formularios-online\/?s={search_term_string}\"},\"query-input\":\"required name=search_term_string\"}],\"inLanguage\":\"es\"}]}<\/script>\n<!-- \/ Yoast SEO plugin. -->","yoast_head_json":{"title":"Ventajas de los Formularios Online Digitales \u00b7 Jose Bernalte","description":"Descubre las ventajas en la creaci\u00f3n de formularios online. Una forma f\u00e1cil de hacer campa\u00f1as de marketing online. \u00a1Pru\u00e9balo!","robots":{"index":"index","follow":"follow","max-snippet":"max-snippet:-1","max-image-preview":"max-image-preview:large","max-video-preview":"max-video-preview:-1"},"canonical":"https:\/\/www.josebernalte.com\/crear-formularios-online\/ventajas-de-los-formularios\/","og_locale":"es_ES","og_type":"article","og_title":"Ventajas de los Formularios Online Digitales \u00b7 Jose Bernalte","og_description":"Descubre las ventajas en la creaci\u00f3n de formularios online. Una forma f\u00e1cil de hacer campa\u00f1as de marketing online. \u00a1Pru\u00e9balo!","og_url":"https:\/\/www.josebernalte.com\/crear-formularios-online\/ventajas-de-los-formularios\/","og_site_name":"Inbound marketing","article_modified_time":"2021-12-09T16:36:39+00:00","twitter_card":"summary_large_image","twitter_misc":{"Tiempo de lectura":"2 minutos"},"schema":{"@context":"https:\/\/schema.org","@graph":[{"@type":"WebPage","@id":"https:\/\/www.josebernalte.com\/crear-formularios-online\/ventajas-de-los-formularios\/","url":"https:\/\/www.josebernalte.com\/crear-formularios-online\/ventajas-de-los-formularios\/","name":"Ventajas de los Formularios Online Digitales \u00b7 Jose Bernalte","isPartOf":{"@id":"https:\/\/www.josebernalte.com\/crear-formularios-online\/#website"},"datePublished":"2014-01-30T14:23:41+00:00","dateModified":"2021-12-09T16:36:39+00:00","description":"Descubre las ventajas en la creaci\u00f3n de formularios online. Una forma f\u00e1cil de hacer campa\u00f1as de marketing online. \u00a1Pru\u00e9balo!","breadcrumb":{"@id":"https:\/\/www.josebernalte.com\/crear-formularios-online\/ventajas-de-los-formularios\/#breadcrumb"},"inLanguage":"es","potentialAction":[{"@type":"ReadAction","target":["https:\/\/www.josebernalte.com\/crear-formularios-online\/ventajas-de-los-formularios\/"]}]},{"@type":"BreadcrumbList","@id":"https:\/\/www.josebernalte.com\/crear-formularios-online\/ventajas-de-los-formularios\/#breadcrumb","itemListElement":[{"@type":"ListItem","position":1,"name":"Portada","item":"https:\/\/www.josebernalte.com\/crear-formularios-online\/"},{"@type":"ListItem","position":2,"name":"Ventajas del formulario online"}]},{"@type":"WebSite","@id":"https:\/\/www.josebernalte.com\/crear-formularios-online\/#website","url":"https:\/\/www.josebernalte.com\/crear-formularios-online\/","name":"Inbound marketing","description":"Aprende a utilizar los formularios online para captaci\u00f3n de clientes","potentialAction":[{"@type":"SearchAction","target":{"@type":"EntryPoint","urlTemplate":"https:\/\/www.josebernalte.com\/crear-formularios-online\/?s={search_term_string}"},"query-input":"required name=search_term_string"}],"inLanguage":"es"}]}},"_links":{"self":[{"href":"https:\/\/www.josebernalte.com\/crear-formularios-online\/wp-json\/wp\/v2\/pages\/30"}],"collection":[{"href":"https:\/\/www.josebernalte.com\/crear-formularios-online\/wp-json\/wp\/v2\/pages"}],"about":[{"href":"https:\/\/www.josebernalte.com\/crear-formularios-online\/wp-json\/wp\/v2\/types\/page"}],"author":[{"embeddable":true,"href":"https:\/\/www.josebernalte.com\/crear-formularios-online\/wp-json\/wp\/v2\/users\/1"}],"replies":[{"embeddable":true,"href":"https:\/\/www.josebernalte.com\/crear-formularios-online\/wp-json\/wp\/v2\/comments?post=30"}],"version-history":[{"count":2,"href":"https:\/\/www.josebernalte.com\/crear-formularios-online\/wp-json\/wp\/v2\/pages\/30\/revisions"}],"predecessor-version":[{"id":183,"href":"https:\/\/www.josebernalte.com\/crear-formularios-online\/wp-json\/wp\/v2\/pages\/30\/revisions\/183"}],"wp:attachment":[{"href":"https:\/\/www.josebernalte.com\/crear-formularios-online\/wp-json\/wp\/v2\/media?parent=30"}],"curies":[{"name":"wp","href":"https:\/\/api.w.org\/{rel}","templated":true}]}}