{"id":138,"date":"2014-01-08T19:42:16","date_gmt":"2014-01-08T19:42:16","guid":{"rendered":"http:\/\/emailmarketing-software.org\/?page_id=2"},"modified":"2014-01-08T19:42:16","modified_gmt":"2014-01-08T19:42:16","slug":"que-es-el-email-marketing","status":"publish","type":"page","link":"https:\/\/www.josebernalte.com\/email-marketing\/que-es-el-email-marketing\/","title":{"rendered":"\u00bfQu\u00e9 es el email marketing?"},"content":{"rendered":"<p>El <span style=\"text-decoration: underline\">email marketing<\/span>, como su propio nombre indica, trata del env\u00edo de mensajes a trav\u00e9s del correo electr\u00f3nico. Tiene un sentido comercial, y hace referencia a <a href=\"http:\/\/www.marketdoo.com\/comunicacion-corporativa\/\">la comunicaci\u00f3n entre una empresa y sus clientes<\/a> (o posibles futuros clientes).<\/p>\n<p>El contenido y la intenci\u00f3n del mensaje corre a cargo del emisor, sin embargo existen tres motivos principales para enviar estas comunicaciones<\/p>\n<p>1. <span style=\"text-decoration: underline\">Emails Promocionales<\/span>: Consiste en enviar mensajes informando a los receptores de ofertas que tiene la empresa, normalmente con un car\u00e1cter promocional, es decir, en un plazo de tiempo preestablecido. Estos mensajes ayudan a conseguir nuevos clientes o persuadir a los clientes ya existentes para que no olviden la marca y vuelvan a comprar.<\/p>\n<p>2.\u00a0<span style=\"text-decoration: underline\">Fidelizaci\u00f3n<\/span>: La comunicaci\u00f3n entre una empresa y los clientes es vital, cada vez m\u00e1s las nuevas tecnolog\u00edas est\u00e1n invadiendo todos los \u00e1mbitos comerciales y es muy importante que los consumidores perciban una marca cercana. Este tipo de mensaje fomenta la lealtad hacia la marca y mejora esta relaci\u00f3n comercial. Los boletines o Newsletter entran dentro de esta categor\u00eda, ya que, no solo contiene informaci\u00f3n interesante para el consumidor, sino que crea un lazo de uni\u00f3n con el receptor, donde le mantiene informado de todas las novedades. Le ofrece entretenimiento y le aporta un valor a\u00f1adido a la comunicaci\u00f3n. Crea un impacto a largo plazo.<\/p>\n<p>3.\u00a0<span style=\"text-decoration: underline\">Publicidad en otros mensajes<\/span>: Consiste en colocar mensajes de marketing o anuncios publicitarios en emails de otros emisores. Un ejemplo ser\u00eda incluir publicidad de nuestra marca en los boletines de otras \u00a0marcas.<\/p>\n<p>&nbsp;<\/p>\n<p>Recuerda que la comunicaci\u00f3n entre una empresa y sus clientes no es solo alentar a la venta. El mercado est\u00e1 muy saturado de mensajes comerciales que solo buscan la venta pura y dura, esto al final crea un rechazo y finalmente los receptores lo eliminaran sin ni siquiera abrirlo.<\/p>\n","protected":false},"excerpt":{"rendered":"<p>El email marketing, como su propio nombre indica, trata del env\u00edo de mensajes a trav\u00e9s del correo electr\u00f3nico. Tiene un sentido comercial, y hace referencia a la comunicaci\u00f3n entre una empresa y sus clientes (o posibles futuros clientes). El contenido y la intenci\u00f3n del mensaje corre a cargo del emisor, sin embargo existen tres motivos [&hellip;]<\/p>\n","protected":false},"author":1,"featured_media":0,"parent":0,"menu_order":0,"comment_status":"closed","ping_status":"open","template":"","meta":[],"yoast_head":"<!-- This site is optimized with the Yoast SEO plugin v20.5 - https:\/\/yoast.com\/wordpress\/plugins\/seo\/ -->\n<title>Email marketing \u00bfQu\u00e9 es? Aumente ventas, haga emailing<\/title>\n<meta name=\"description\" content=\"Conoce ahora como utilizar el software de email marketing. Estimulaci\u00f3n de las ventas mediante el env\u00edo de correos masivos puede ser muy f\u00e1cil.\" \/>\n<meta name=\"robots\" content=\"index, follow, max-snippet:-1, max-image-preview:large, max-video-preview:-1\" \/>\n<link rel=\"canonical\" href=\"https:\/\/www.josebernalte.com\/email-marketing\/que-es-el-email-marketing\/\" \/>\n<meta property=\"og:locale\" content=\"es_ES\" \/>\n<meta property=\"og:type\" content=\"article\" \/>\n<meta property=\"og:title\" content=\"Email marketing \u00bfQu\u00e9 es? Aumente ventas, haga emailing\" \/>\n<meta property=\"og:description\" content=\"Conoce ahora como utilizar el software de email marketing. Estimulaci\u00f3n de las ventas mediante el env\u00edo de correos masivos puede ser muy f\u00e1cil.\" \/>\n<meta property=\"og:url\" content=\"https:\/\/www.josebernalte.com\/email-marketing\/que-es-el-email-marketing\/\" \/>\n<meta property=\"og:site_name\" content=\"Email marketing\" \/>\n<meta name=\"twitter:card\" content=\"summary_large_image\" \/>\n<meta name=\"twitter:label1\" content=\"Tiempo de lectura\" \/>\n\t<meta name=\"twitter:data1\" content=\"2 minutos\" \/>\n<script type=\"application\/ld+json\" class=\"yoast-schema-graph\">{\"@context\":\"https:\/\/schema.org\",\"@graph\":[{\"@type\":\"WebPage\",\"@id\":\"https:\/\/www.josebernalte.com\/email-marketing\/que-es-el-email-marketing\/\",\"url\":\"https:\/\/www.josebernalte.com\/email-marketing\/que-es-el-email-marketing\/\",\"name\":\"Email marketing \u00bfQu\u00e9 es? Aumente ventas, haga emailing\",\"isPartOf\":{\"@id\":\"https:\/\/www.josebernalte.com\/email-marketing\/#website\"},\"datePublished\":\"2014-01-08T19:42:16+00:00\",\"dateModified\":\"2014-01-08T19:42:16+00:00\",\"description\":\"Conoce ahora como utilizar el software de email marketing. Estimulaci\u00f3n de las ventas mediante el env\u00edo de correos masivos puede ser muy f\u00e1cil.\",\"breadcrumb\":{\"@id\":\"https:\/\/www.josebernalte.com\/email-marketing\/que-es-el-email-marketing\/#breadcrumb\"},\"inLanguage\":\"es\",\"potentialAction\":[{\"@type\":\"ReadAction\",\"target\":[\"https:\/\/www.josebernalte.com\/email-marketing\/que-es-el-email-marketing\/\"]}]},{\"@type\":\"BreadcrumbList\",\"@id\":\"https:\/\/www.josebernalte.com\/email-marketing\/que-es-el-email-marketing\/#breadcrumb\",\"itemListElement\":[{\"@type\":\"ListItem\",\"position\":1,\"name\":\"Portada\",\"item\":\"https:\/\/www.josebernalte.com\/email-marketing\/\"},{\"@type\":\"ListItem\",\"position\":2,\"name\":\"\u00bfQu\u00e9 es el email marketing?\"}]},{\"@type\":\"WebSite\",\"@id\":\"https:\/\/www.josebernalte.com\/email-marketing\/#website\",\"url\":\"https:\/\/www.josebernalte.com\/email-marketing\/\",\"name\":\"Email marketing\",\"description\":\"Software y Secretos del env\u00edo de correos masivos\",\"potentialAction\":[{\"@type\":\"SearchAction\",\"target\":{\"@type\":\"EntryPoint\",\"urlTemplate\":\"https:\/\/www.josebernalte.com\/email-marketing\/?s={search_term_string}\"},\"query-input\":\"required name=search_term_string\"}],\"inLanguage\":\"es\"}]}<\/script>\n<!-- \/ Yoast SEO plugin. -->","yoast_head_json":{"title":"Email marketing \u00bfQu\u00e9 es? Aumente ventas, haga emailing","description":"Conoce ahora como utilizar el software de email marketing. Estimulaci\u00f3n de las ventas mediante el env\u00edo de correos masivos puede ser muy f\u00e1cil.","robots":{"index":"index","follow":"follow","max-snippet":"max-snippet:-1","max-image-preview":"max-image-preview:large","max-video-preview":"max-video-preview:-1"},"canonical":"https:\/\/www.josebernalte.com\/email-marketing\/que-es-el-email-marketing\/","og_locale":"es_ES","og_type":"article","og_title":"Email marketing \u00bfQu\u00e9 es? Aumente ventas, haga emailing","og_description":"Conoce ahora como utilizar el software de email marketing. Estimulaci\u00f3n de las ventas mediante el env\u00edo de correos masivos puede ser muy f\u00e1cil.","og_url":"https:\/\/www.josebernalte.com\/email-marketing\/que-es-el-email-marketing\/","og_site_name":"Email marketing","twitter_card":"summary_large_image","twitter_misc":{"Tiempo de lectura":"2 minutos"},"schema":{"@context":"https:\/\/schema.org","@graph":[{"@type":"WebPage","@id":"https:\/\/www.josebernalte.com\/email-marketing\/que-es-el-email-marketing\/","url":"https:\/\/www.josebernalte.com\/email-marketing\/que-es-el-email-marketing\/","name":"Email marketing \u00bfQu\u00e9 es? Aumente ventas, haga emailing","isPartOf":{"@id":"https:\/\/www.josebernalte.com\/email-marketing\/#website"},"datePublished":"2014-01-08T19:42:16+00:00","dateModified":"2014-01-08T19:42:16+00:00","description":"Conoce ahora como utilizar el software de email marketing. Estimulaci\u00f3n de las ventas mediante el env\u00edo de correos masivos puede ser muy f\u00e1cil.","breadcrumb":{"@id":"https:\/\/www.josebernalte.com\/email-marketing\/que-es-el-email-marketing\/#breadcrumb"},"inLanguage":"es","potentialAction":[{"@type":"ReadAction","target":["https:\/\/www.josebernalte.com\/email-marketing\/que-es-el-email-marketing\/"]}]},{"@type":"BreadcrumbList","@id":"https:\/\/www.josebernalte.com\/email-marketing\/que-es-el-email-marketing\/#breadcrumb","itemListElement":[{"@type":"ListItem","position":1,"name":"Portada","item":"https:\/\/www.josebernalte.com\/email-marketing\/"},{"@type":"ListItem","position":2,"name":"\u00bfQu\u00e9 es el email marketing?"}]},{"@type":"WebSite","@id":"https:\/\/www.josebernalte.com\/email-marketing\/#website","url":"https:\/\/www.josebernalte.com\/email-marketing\/","name":"Email marketing","description":"Software y Secretos del env\u00edo de correos masivos","potentialAction":[{"@type":"SearchAction","target":{"@type":"EntryPoint","urlTemplate":"https:\/\/www.josebernalte.com\/email-marketing\/?s={search_term_string}"},"query-input":"required name=search_term_string"}],"inLanguage":"es"}]}},"_links":{"self":[{"href":"https:\/\/www.josebernalte.com\/email-marketing\/wp-json\/wp\/v2\/pages\/138"}],"collection":[{"href":"https:\/\/www.josebernalte.com\/email-marketing\/wp-json\/wp\/v2\/pages"}],"about":[{"href":"https:\/\/www.josebernalte.com\/email-marketing\/wp-json\/wp\/v2\/types\/page"}],"author":[{"embeddable":true,"href":"https:\/\/www.josebernalte.com\/email-marketing\/wp-json\/wp\/v2\/users\/1"}],"replies":[{"embeddable":true,"href":"https:\/\/www.josebernalte.com\/email-marketing\/wp-json\/wp\/v2\/comments?post=138"}],"version-history":[{"count":0,"href":"https:\/\/www.josebernalte.com\/email-marketing\/wp-json\/wp\/v2\/pages\/138\/revisions"}],"wp:attachment":[{"href":"https:\/\/www.josebernalte.com\/email-marketing\/wp-json\/wp\/v2\/media?parent=138"}],"curies":[{"name":"wp","href":"https:\/\/api.w.org\/{rel}","templated":true}]}}