{"id":22,"date":"2014-01-10T09:26:53","date_gmt":"2014-01-10T09:26:53","guid":{"rendered":"http:\/\/emailmarketing-software.org\/?page_id=22"},"modified":"2021-06-29T13:50:26","modified_gmt":"2021-06-29T13:50:26","slug":"ventajas-del-email-marketing","status":"publish","type":"page","link":"https:\/\/www.josebernalte.com\/email-marketing\/ventajas-del-email-marketing\/","title":{"rendered":"Ventajas del Email Marketing"},"content":{"rendered":"\n<h2>Email Marketing, m\u00e1s r\u00e1pido y econ\u00f3mico que el correo tradicional<\/h2>\n\n\n\n<p>Seguir con el uso del correo tradicional o pasar a usar el <a href=\"\/project-type\/email-marketing\/\">email marketing<\/a>, es una de las dudas que a\u00fan que hay presente en las peque\u00f1as empresas, pero cada vez se est\u00e1 tendiendo m\u00e1s a abandonar el correo tradicional, pasando a ser el protagonista el email marketing.<\/p>\n\n\n\n<p>El mundo es online, tu correo tambi\u00e9n.<\/p>\n\n\n\n<p>El n\u00famero de usuarios con acceso a la red, ha crecido de una forma exponencial. En la \u00faltima d\u00e9cada ha pasado de 360 millones de usuarios a 2 mil millones de usuarios, es decir, ha aumentado en un 444% en todo el mundo. De tal forma que podemos decir que el mundo cada vez es m\u00e1s online.<\/p>\n\n\n\n<blockquote class=\"wp-block-quote\"><p>Seguir con el uso del correo tradicional o pasar a usar el email marketing, cada vez se est\u00e1 tendiendo m\u00e1s a abadonar el correo tradicional.<\/p><\/blockquote>\n\n\n\n<p>Las ventajas de este cambio&nbsp;que podemos encontrar son:<\/p>\n\n\n\n<ol><li>Es mucho<strong> m\u00e1s r\u00e1pido<\/strong>, tanto de esbozar como lanzar&nbsp;una campa\u00f1a con el email marketing. A diferencia de un correo postal que lleva m\u00e1s o menos largo de preparaci\u00f3n (una semana aproximadamente), el email marketing puede estar listo para su distribuci\u00f3n en cuesti\u00f3n de unas horas.<\/li><li>El email marketing permite <strong>hacer pruebas<\/strong>, es decir, permite probar un mensaje nuevo si se necesitan resultados r\u00e1pidos, se puede comprobar la eficacia a un grupo reducido de personas.<\/li><li>Es <strong>m\u00e1s econ\u00f3mico<\/strong>, es m\u00e1s barato a medida que se env\u00eda m\u00e1s cantidad de emails. Se pueden enviar varios cientos de correos por s\u00f3lo un euro, pero sin embargo una carta postal puede costar m\u00e1s de 50 c\u00e9ntimos de euro si se tiene en cuenta el sobre, el papel, el franqueo y el manipulado.<\/li><li><strong>Instant\u00e1nea de valor a\u00f1adido<\/strong> con m\u00e1s informaci\u00f3n, ya que se puede recabar informaci\u00f3n adicional del p\u00fablico. Obtener datos de los clientes, comportamientos o preferencias de una forma r\u00e1pida, esto es algo que una pieza impresa no puede proporcionar.<\/li><\/ol>\n\n\n\n<p>Por lo tanto, el email marketing es el medio que tiende a sobrevivir en el mundo online en el que vivimos.<\/p>\n\n\n\n<h4>Ventajas del Email Marketing,&nbsp;estas son las principales:<\/h4>\n\n\n\n<p><span style=\"text-decoration: underline;\">Bajo coste<\/span><span style=\"line-height: 1.5em;\">: El env\u00edo directo v\u00eda correo electr\u00f3nico te permitir\u00e1 ahorrar costes tanto en imprentas o mensajer\u00eda, como en agencias de publicidad.<\/span><\/p>\n\n\n\n<p><span style=\"text-decoration: underline;\">Gran segmentaci\u00f3n<\/span>: El correo electr\u00f3nico a crecido a pasos agigantados, hoy en d\u00eda, todo el mundo tiene su propia direcci\u00f3n de correo electr\u00f3nico.Es muy personal y directo, por eso, permite una gran segmentaci\u00f3n para que enviemos el mensaje perfecto al usuario correcto, gui\u00e1ndonos por su sexo, su edad, sus gustos, sus clics&#8230;<\/p>\n\n\n\n<p><span style=\"text-decoration: underline;\">Rapidez<\/span>: Permite enviar cualquier informaci\u00f3n a cualquier parte del mundo en segundos.<\/p>\n\n\n\n<p><span style=\"text-decoration: underline;\">La flexibilidad del formato<\/span>: El soporte es ilimitado, y con muchas posibilidades art\u00edsticas y creativas. Puede a\u00f1adir v\u00eddeos, gr\u00e1ficas, letras, sonidos, links directos, m\u00fasica&#8230;<\/p>\n\n\n\n<p><span style=\"text-decoration: underline;\">F\u00e1cilmente medible<\/span>: Uno de los puntos fuertes de Internet es que retiene toda la informaci\u00f3n y todos los movimientos de los usuarios quedan registrados, tanto para bien como para mal. En el soporte email tambi\u00e9n es posible conocer todos los movimientos, y estos nos permitir\u00e1n saber a tiempo real quien ha &nbsp;abierto el email, quien a hecho clic, a que hora&#8230; Gracias a esto recibiremos una respuesta, que podremos analizar y medir, para comprobar si la campa\u00f1a a tenido \u00e9xito y si nuestra comunicaci\u00f3n va en la direcci\u00f3n correcta&#8230;<\/p>\n\n\n\n<p><span style=\"text-decoration: underline;\">Comunicaci\u00f3n totalmente directa<\/span>: Otra de las ventajas del email marketing es que permite realizar env\u00edos totalmente directos y personales.<\/p>\n\n\n\n<p><span style=\"text-decoration: underline;\">Interactividad<\/span>: Este soporte tambi\u00e9n permite que haya una interactividad entre emisor y receptor. El &nbsp; usuario que recibe el correo de parte de la empresa puede contestar y por lo tanto dar su opini\u00f3n, plantear alguna pregunta o duda, o solicitar cierta informaci\u00f3n. Entre la ventajas del email marketing la interactividad es una de las mas importantes, ya que el cliente es el objetivo de toda empresa, por ello es fundamental saber que demanda y que opina.<\/p>\n","protected":false},"excerpt":{"rendered":"<p>Email Marketing, m\u00e1s r\u00e1pido y econ\u00f3mico que el correo tradicional Seguir con el uso del correo tradicional o pasar a usar el email marketing, es una de las dudas que a\u00fan que hay presente en las peque\u00f1as empresas, pero cada vez se est\u00e1 tendiendo m\u00e1s a abandonar el correo tradicional, pasando a ser el protagonista [&hellip;]<\/p>\n","protected":false},"author":1,"featured_media":0,"parent":0,"menu_order":0,"comment_status":"closed","ping_status":"open","template":"","meta":[],"yoast_head":"<!-- This site is optimized with the Yoast SEO plugin v20.5 - https:\/\/yoast.com\/wordpress\/plugins\/seo\/ -->\n<title>Ventajas del Email Marketing. Empiece ahora con el E-mailing<\/title>\n<meta name=\"description\" content=\"\u00bfQuiere conocer las Ventajas del Email Marketing? Ventajas como: Eficacia, rapidez, bajo coste... Aprenda las ventajas de enviar correos masivos\" \/>\n<meta name=\"robots\" content=\"index, follow, max-snippet:-1, max-image-preview:large, max-video-preview:-1\" \/>\n<link rel=\"canonical\" href=\"https:\/\/www.josebernalte.com\/email-marketing\/ventajas-del-email-marketing\/\" \/>\n<meta property=\"og:locale\" content=\"es_ES\" \/>\n<meta property=\"og:type\" content=\"article\" \/>\n<meta property=\"og:title\" content=\"Ventajas del Email Marketing. Empiece ahora con el E-mailing\" \/>\n<meta property=\"og:description\" content=\"\u00bfQuiere conocer las Ventajas del Email Marketing? Ventajas como: Eficacia, rapidez, bajo coste... Aprenda las ventajas de enviar correos masivos\" \/>\n<meta property=\"og:url\" content=\"https:\/\/www.josebernalte.com\/email-marketing\/ventajas-del-email-marketing\/\" \/>\n<meta property=\"og:site_name\" content=\"Email marketing\" \/>\n<meta property=\"article:modified_time\" content=\"2021-06-29T13:50:26+00:00\" \/>\n<meta name=\"twitter:card\" content=\"summary_large_image\" \/>\n<meta name=\"twitter:label1\" content=\"Tiempo de lectura\" \/>\n\t<meta name=\"twitter:data1\" content=\"3 minutos\" \/>\n<script type=\"application\/ld+json\" class=\"yoast-schema-graph\">{\"@context\":\"https:\/\/schema.org\",\"@graph\":[{\"@type\":\"WebPage\",\"@id\":\"https:\/\/www.josebernalte.com\/email-marketing\/ventajas-del-email-marketing\/\",\"url\":\"https:\/\/www.josebernalte.com\/email-marketing\/ventajas-del-email-marketing\/\",\"name\":\"Ventajas del Email Marketing. Empiece ahora con el E-mailing\",\"isPartOf\":{\"@id\":\"https:\/\/www.josebernalte.com\/email-marketing\/#website\"},\"datePublished\":\"2014-01-10T09:26:53+00:00\",\"dateModified\":\"2021-06-29T13:50:26+00:00\",\"description\":\"\u00bfQuiere conocer las Ventajas del Email Marketing? Ventajas como: Eficacia, rapidez, bajo coste... Aprenda las ventajas de enviar correos masivos\",\"breadcrumb\":{\"@id\":\"https:\/\/www.josebernalte.com\/email-marketing\/ventajas-del-email-marketing\/#breadcrumb\"},\"inLanguage\":\"es\",\"potentialAction\":[{\"@type\":\"ReadAction\",\"target\":[\"https:\/\/www.josebernalte.com\/email-marketing\/ventajas-del-email-marketing\/\"]}]},{\"@type\":\"BreadcrumbList\",\"@id\":\"https:\/\/www.josebernalte.com\/email-marketing\/ventajas-del-email-marketing\/#breadcrumb\",\"itemListElement\":[{\"@type\":\"ListItem\",\"position\":1,\"name\":\"Portada\",\"item\":\"https:\/\/www.josebernalte.com\/email-marketing\/\"},{\"@type\":\"ListItem\",\"position\":2,\"name\":\"Ventajas del Email Marketing\"}]},{\"@type\":\"WebSite\",\"@id\":\"https:\/\/www.josebernalte.com\/email-marketing\/#website\",\"url\":\"https:\/\/www.josebernalte.com\/email-marketing\/\",\"name\":\"Email marketing\",\"description\":\"Software y Secretos del env\u00edo de correos masivos\",\"potentialAction\":[{\"@type\":\"SearchAction\",\"target\":{\"@type\":\"EntryPoint\",\"urlTemplate\":\"https:\/\/www.josebernalte.com\/email-marketing\/?s={search_term_string}\"},\"query-input\":\"required name=search_term_string\"}],\"inLanguage\":\"es\"}]}<\/script>\n<!-- \/ Yoast SEO plugin. -->","yoast_head_json":{"title":"Ventajas del Email Marketing. Empiece ahora con el E-mailing","description":"\u00bfQuiere conocer las Ventajas del Email Marketing? Ventajas como: Eficacia, rapidez, bajo coste... Aprenda las ventajas de enviar correos masivos","robots":{"index":"index","follow":"follow","max-snippet":"max-snippet:-1","max-image-preview":"max-image-preview:large","max-video-preview":"max-video-preview:-1"},"canonical":"https:\/\/www.josebernalte.com\/email-marketing\/ventajas-del-email-marketing\/","og_locale":"es_ES","og_type":"article","og_title":"Ventajas del Email Marketing. Empiece ahora con el E-mailing","og_description":"\u00bfQuiere conocer las Ventajas del Email Marketing? Ventajas como: Eficacia, rapidez, bajo coste... Aprenda las ventajas de enviar correos masivos","og_url":"https:\/\/www.josebernalte.com\/email-marketing\/ventajas-del-email-marketing\/","og_site_name":"Email marketing","article_modified_time":"2021-06-29T13:50:26+00:00","twitter_card":"summary_large_image","twitter_misc":{"Tiempo de lectura":"3 minutos"},"schema":{"@context":"https:\/\/schema.org","@graph":[{"@type":"WebPage","@id":"https:\/\/www.josebernalte.com\/email-marketing\/ventajas-del-email-marketing\/","url":"https:\/\/www.josebernalte.com\/email-marketing\/ventajas-del-email-marketing\/","name":"Ventajas del Email Marketing. Empiece ahora con el E-mailing","isPartOf":{"@id":"https:\/\/www.josebernalte.com\/email-marketing\/#website"},"datePublished":"2014-01-10T09:26:53+00:00","dateModified":"2021-06-29T13:50:26+00:00","description":"\u00bfQuiere conocer las Ventajas del Email Marketing? Ventajas como: Eficacia, rapidez, bajo coste... Aprenda las ventajas de enviar correos masivos","breadcrumb":{"@id":"https:\/\/www.josebernalte.com\/email-marketing\/ventajas-del-email-marketing\/#breadcrumb"},"inLanguage":"es","potentialAction":[{"@type":"ReadAction","target":["https:\/\/www.josebernalte.com\/email-marketing\/ventajas-del-email-marketing\/"]}]},{"@type":"BreadcrumbList","@id":"https:\/\/www.josebernalte.com\/email-marketing\/ventajas-del-email-marketing\/#breadcrumb","itemListElement":[{"@type":"ListItem","position":1,"name":"Portada","item":"https:\/\/www.josebernalte.com\/email-marketing\/"},{"@type":"ListItem","position":2,"name":"Ventajas del Email Marketing"}]},{"@type":"WebSite","@id":"https:\/\/www.josebernalte.com\/email-marketing\/#website","url":"https:\/\/www.josebernalte.com\/email-marketing\/","name":"Email marketing","description":"Software y Secretos del env\u00edo de correos masivos","potentialAction":[{"@type":"SearchAction","target":{"@type":"EntryPoint","urlTemplate":"https:\/\/www.josebernalte.com\/email-marketing\/?s={search_term_string}"},"query-input":"required name=search_term_string"}],"inLanguage":"es"}]}},"_links":{"self":[{"href":"https:\/\/www.josebernalte.com\/email-marketing\/wp-json\/wp\/v2\/pages\/22"}],"collection":[{"href":"https:\/\/www.josebernalte.com\/email-marketing\/wp-json\/wp\/v2\/pages"}],"about":[{"href":"https:\/\/www.josebernalte.com\/email-marketing\/wp-json\/wp\/v2\/types\/page"}],"author":[{"embeddable":true,"href":"https:\/\/www.josebernalte.com\/email-marketing\/wp-json\/wp\/v2\/users\/1"}],"replies":[{"embeddable":true,"href":"https:\/\/www.josebernalte.com\/email-marketing\/wp-json\/wp\/v2\/comments?post=22"}],"version-history":[{"count":1,"href":"https:\/\/www.josebernalte.com\/email-marketing\/wp-json\/wp\/v2\/pages\/22\/revisions"}],"predecessor-version":[{"id":230,"href":"https:\/\/www.josebernalte.com\/email-marketing\/wp-json\/wp\/v2\/pages\/22\/revisions\/230"}],"wp:attachment":[{"href":"https:\/\/www.josebernalte.com\/email-marketing\/wp-json\/wp\/v2\/media?parent=22"}],"curies":[{"name":"wp","href":"https:\/\/api.w.org\/{rel}","templated":true}]}}