{"id":114,"date":"2014-01-16T20:07:32","date_gmt":"2014-01-16T20:07:32","guid":{"rendered":"http:\/\/automatizartareas.com\/?page_id=5"},"modified":"2021-12-21T10:40:06","modified_gmt":"2021-12-21T10:40:06","slug":"que-es-la-automatizacion-de-tareas","status":"publish","type":"page","link":"https:\/\/www.josebernalte.com\/marketing-automatizado\/que-es-la-automatizacion-de-tareas\/","title":{"rendered":"\u00bfQu\u00e9 es la automatizaci\u00f3n de tareas o marketing automatizado?"},"content":{"rendered":"\n<p>Existen herramientas para poder automatizar tareas en internet sin tener que poseer los conocimientos t\u00e9cnicos que \u00e9stas requieren. <\/p>\n\n\n\n<p>Un bot es un programa inform\u00e1tico que puede realizar varias acciones de una manera automatizada. Estas acciones son repetidas autom\u00e1ticamente porque inicialmente han sido insertadas a trav\u00e9s de una f\u00f3rmula. Estas formulas estar\u00e1n formadas por \u201cCausa\u201d que hace referencia al tiempo, la hora, la periodicidad, etc., y el \u201cEfecto\u201d que hace referencia al mensaje que queremos publicar. A partir de ese momento, las tareas pueden estar cumplidas sin intervenci\u00f3n humana.<\/p>\n\n\n\n<p>Internet es el soporte m\u00e1s utilizado por los j\u00f3venes y por los no tan j\u00f3venes. Est\u00e1 claro que es el futuro de la comunicaci\u00f3n y que cada vez m\u00e1s, las personas y las empresas necesitan tener un perfil virtual para poder relacionarse con sus amigos, con su p\u00fablico, sus clientes, su mercado\u2026 Y que a su vez, estos tengan una manera de comunicarse con sus marcas o sus amigos. Tambi\u00e9n podemos automatizar las redes sociales. Twitter&nbsp;y&nbsp;Facebook&nbsp;son dos redes sociales con una gran influencia y una gran difusi\u00f3n, por ello&nbsp;cuidar estas redes sociales es vital para una empresa&nbsp;(hablamos de empresas por este servicio est\u00e1 m\u00e1s enfocado a este \u00e1mbito). Los consumidores necesitan saber que su marca est\u00e1 ah\u00ed para ayudarles, para atenderles.<\/p>\n\n\n\n<p>Algunas de las <span style=\"text-decoration: underline;\">las tareas que podemos automatizar con el bot son:<\/span><\/p>\n\n\n\n<ul><li>Publicar el enlace de un nuevo blog a una red social<\/li><li>Recuperaci\u00f3n de carritos abandonados en la tienda online<\/li><li>Env\u00edo de promociones u ofertas<\/li><li>Recordatorio citas<\/li><li>Seguimiento y estado de pedidos <\/li><li>Clasificaci\u00f3n de contactos<\/li><li>Env\u00edo de cupones personalizados<\/li><li>Env\u00edo de emails autom\u00e1ticos<\/li><li>Resoluci\u00f3n de dudas<\/li><li>Mandar un mensaje de buenos d\u00edas todas las ma\u00f1anas\/noches por una o varias redes sociales<\/li><li>Subir una foto en todas las redes social que poseas cada vez que desees<\/li><li>Env\u00edo de notificaciones<\/li><li>Felicitar el cumplea\u00f1os o las fiestas a los clientes<\/li><li>Registrar actividades diarias en una hoja de c\u00e1lculo o log<\/li><li>Env\u00edo de SMS autom\u00e1ticos<\/li><li>Enviar un mail a tus clientes con las actualizaciones de la web<\/li><li>Comunicaci\u00f3n a los usuarios de nuevos contenidos<\/li><li>Seguimiento de usuarios<\/li><li>Recomendaciones personalizadas<\/li><li>Comunicaci\u00f3n autom\u00e1tica de promociones<\/li><\/ul>\n\n\n\n<p>Todo esto y muchas m\u00e1s tareas se pueden automatizar, bien mediante herramientas o bien programando procesos autom\u00e1ticos que se ejecutan cada cierto tiempo, lo cual requiere una inversi\u00f3n inicial de programaci\u00f3n y configurari\u00f3n, pero que a largo plazo tiene un ahorro de costes bastante significante, y lo mas importante es que disminuyen los descuidos y retrasos.<\/p>\n","protected":false},"excerpt":{"rendered":"<p>Existen herramientas para poder automatizar tareas en internet sin tener que poseer los conocimientos t\u00e9cnicos que \u00e9stas requieren. Un bot es un programa inform\u00e1tico que puede realizar varias acciones de una manera automatizada. Estas acciones son repetidas autom\u00e1ticamente porque inicialmente han sido insertadas a trav\u00e9s de una f\u00f3rmula. Estas formulas estar\u00e1n formadas por \u201cCausa\u201d que [&hellip;]<\/p>\n","protected":false},"author":1,"featured_media":0,"parent":0,"menu_order":0,"comment_status":"closed","ping_status":"open","template":"","meta":[],"yoast_head":"<!-- This site is optimized with the Yoast SEO plugin v20.5 - https:\/\/yoast.com\/wordpress\/plugins\/seo\/ -->\n<title>El Marketing Automatizado \u00b7 Automatizaci\u00f3n de Tareas en Internet<\/title>\n<meta name=\"description\" content=\"El Marketing Automatizado \u00b7 Automatizaci\u00f3n de Tareas en Internet \u00bfQu\u00e9 es la automatizaci\u00f3n de tareas o marketing automatizado? Con\u00f3celo\" \/>\n<meta name=\"robots\" content=\"index, follow, max-snippet:-1, max-image-preview:large, max-video-preview:-1\" \/>\n<link rel=\"canonical\" href=\"https:\/\/www.josebernalte.com\/marketing-automatizado\/que-es-la-automatizacion-de-tareas\/\" \/>\n<meta property=\"og:locale\" content=\"es_ES\" \/>\n<meta property=\"og:type\" content=\"article\" \/>\n<meta property=\"og:title\" content=\"El Marketing Automatizado \u00b7 Automatizaci\u00f3n de Tareas en Internet\" \/>\n<meta property=\"og:description\" content=\"El Marketing Automatizado \u00b7 Automatizaci\u00f3n de Tareas en Internet \u00bfQu\u00e9 es la automatizaci\u00f3n de tareas o marketing automatizado? Con\u00f3celo\" \/>\n<meta property=\"og:url\" content=\"https:\/\/www.josebernalte.com\/marketing-automatizado\/que-es-la-automatizacion-de-tareas\/\" \/>\n<meta property=\"og:site_name\" content=\"Marketing Automatizado\" \/>\n<meta property=\"article:modified_time\" content=\"2021-12-21T10:40:06+00:00\" \/>\n<meta name=\"twitter:card\" content=\"summary_large_image\" \/>\n<meta name=\"twitter:label1\" content=\"Tiempo de lectura\" \/>\n\t<meta name=\"twitter:data1\" content=\"2 minutos\" \/>\n<script type=\"application\/ld+json\" class=\"yoast-schema-graph\">{\"@context\":\"https:\/\/schema.org\",\"@graph\":[{\"@type\":\"WebPage\",\"@id\":\"https:\/\/www.josebernalte.com\/marketing-automatizado\/que-es-la-automatizacion-de-tareas\/\",\"url\":\"https:\/\/www.josebernalte.com\/marketing-automatizado\/que-es-la-automatizacion-de-tareas\/\",\"name\":\"El Marketing Automatizado \u00b7 Automatizaci\u00f3n de Tareas en Internet\",\"isPartOf\":{\"@id\":\"https:\/\/www.josebernalte.com\/marketing-automatizado\/#website\"},\"datePublished\":\"2014-01-16T20:07:32+00:00\",\"dateModified\":\"2021-12-21T10:40:06+00:00\",\"description\":\"El Marketing Automatizado \u00b7 Automatizaci\u00f3n de Tareas en Internet \u00bfQu\u00e9 es la automatizaci\u00f3n de tareas o marketing automatizado? Con\u00f3celo\",\"breadcrumb\":{\"@id\":\"https:\/\/www.josebernalte.com\/marketing-automatizado\/que-es-la-automatizacion-de-tareas\/#breadcrumb\"},\"inLanguage\":\"es\",\"potentialAction\":[{\"@type\":\"ReadAction\",\"target\":[\"https:\/\/www.josebernalte.com\/marketing-automatizado\/que-es-la-automatizacion-de-tareas\/\"]}]},{\"@type\":\"BreadcrumbList\",\"@id\":\"https:\/\/www.josebernalte.com\/marketing-automatizado\/que-es-la-automatizacion-de-tareas\/#breadcrumb\",\"itemListElement\":[{\"@type\":\"ListItem\",\"position\":1,\"name\":\"Portada\",\"item\":\"https:\/\/www.josebernalte.com\/marketing-automatizado\/\"},{\"@type\":\"ListItem\",\"position\":2,\"name\":\"\u00bfQu\u00e9 es la automatizaci\u00f3n de tareas o marketing automatizado?\"}]},{\"@type\":\"WebSite\",\"@id\":\"https:\/\/www.josebernalte.com\/marketing-automatizado\/#website\",\"url\":\"https:\/\/www.josebernalte.com\/marketing-automatizado\/\",\"name\":\"Marketing Automatizado\",\"description\":\"Marketing online automatizado para Internet\",\"potentialAction\":[{\"@type\":\"SearchAction\",\"target\":{\"@type\":\"EntryPoint\",\"urlTemplate\":\"https:\/\/www.josebernalte.com\/marketing-automatizado\/?s={search_term_string}\"},\"query-input\":\"required name=search_term_string\"}],\"inLanguage\":\"es\"}]}<\/script>\n<!-- \/ Yoast SEO plugin. -->","yoast_head_json":{"title":"El Marketing Automatizado \u00b7 Automatizaci\u00f3n de Tareas en Internet","description":"El Marketing Automatizado \u00b7 Automatizaci\u00f3n de Tareas en Internet \u00bfQu\u00e9 es la automatizaci\u00f3n de tareas o marketing automatizado? Con\u00f3celo","robots":{"index":"index","follow":"follow","max-snippet":"max-snippet:-1","max-image-preview":"max-image-preview:large","max-video-preview":"max-video-preview:-1"},"canonical":"https:\/\/www.josebernalte.com\/marketing-automatizado\/que-es-la-automatizacion-de-tareas\/","og_locale":"es_ES","og_type":"article","og_title":"El Marketing Automatizado \u00b7 Automatizaci\u00f3n de Tareas en Internet","og_description":"El Marketing Automatizado \u00b7 Automatizaci\u00f3n de Tareas en Internet \u00bfQu\u00e9 es la automatizaci\u00f3n de tareas o marketing automatizado? Con\u00f3celo","og_url":"https:\/\/www.josebernalte.com\/marketing-automatizado\/que-es-la-automatizacion-de-tareas\/","og_site_name":"Marketing Automatizado","article_modified_time":"2021-12-21T10:40:06+00:00","twitter_card":"summary_large_image","twitter_misc":{"Tiempo de lectura":"2 minutos"},"schema":{"@context":"https:\/\/schema.org","@graph":[{"@type":"WebPage","@id":"https:\/\/www.josebernalte.com\/marketing-automatizado\/que-es-la-automatizacion-de-tareas\/","url":"https:\/\/www.josebernalte.com\/marketing-automatizado\/que-es-la-automatizacion-de-tareas\/","name":"El Marketing Automatizado \u00b7 Automatizaci\u00f3n de Tareas en Internet","isPartOf":{"@id":"https:\/\/www.josebernalte.com\/marketing-automatizado\/#website"},"datePublished":"2014-01-16T20:07:32+00:00","dateModified":"2021-12-21T10:40:06+00:00","description":"El Marketing Automatizado \u00b7 Automatizaci\u00f3n de Tareas en Internet \u00bfQu\u00e9 es la automatizaci\u00f3n de tareas o marketing automatizado? Con\u00f3celo","breadcrumb":{"@id":"https:\/\/www.josebernalte.com\/marketing-automatizado\/que-es-la-automatizacion-de-tareas\/#breadcrumb"},"inLanguage":"es","potentialAction":[{"@type":"ReadAction","target":["https:\/\/www.josebernalte.com\/marketing-automatizado\/que-es-la-automatizacion-de-tareas\/"]}]},{"@type":"BreadcrumbList","@id":"https:\/\/www.josebernalte.com\/marketing-automatizado\/que-es-la-automatizacion-de-tareas\/#breadcrumb","itemListElement":[{"@type":"ListItem","position":1,"name":"Portada","item":"https:\/\/www.josebernalte.com\/marketing-automatizado\/"},{"@type":"ListItem","position":2,"name":"\u00bfQu\u00e9 es la automatizaci\u00f3n de tareas o marketing automatizado?"}]},{"@type":"WebSite","@id":"https:\/\/www.josebernalte.com\/marketing-automatizado\/#website","url":"https:\/\/www.josebernalte.com\/marketing-automatizado\/","name":"Marketing Automatizado","description":"Marketing online automatizado para Internet","potentialAction":[{"@type":"SearchAction","target":{"@type":"EntryPoint","urlTemplate":"https:\/\/www.josebernalte.com\/marketing-automatizado\/?s={search_term_string}"},"query-input":"required name=search_term_string"}],"inLanguage":"es"}]}},"_links":{"self":[{"href":"https:\/\/www.josebernalte.com\/marketing-automatizado\/wp-json\/wp\/v2\/pages\/114"}],"collection":[{"href":"https:\/\/www.josebernalte.com\/marketing-automatizado\/wp-json\/wp\/v2\/pages"}],"about":[{"href":"https:\/\/www.josebernalte.com\/marketing-automatizado\/wp-json\/wp\/v2\/types\/page"}],"author":[{"embeddable":true,"href":"https:\/\/www.josebernalte.com\/marketing-automatizado\/wp-json\/wp\/v2\/users\/1"}],"replies":[{"embeddable":true,"href":"https:\/\/www.josebernalte.com\/marketing-automatizado\/wp-json\/wp\/v2\/comments?post=114"}],"version-history":[{"count":3,"href":"https:\/\/www.josebernalte.com\/marketing-automatizado\/wp-json\/wp\/v2\/pages\/114\/revisions"}],"predecessor-version":[{"id":224,"href":"https:\/\/www.josebernalte.com\/marketing-automatizado\/wp-json\/wp\/v2\/pages\/114\/revisions\/224"}],"wp:attachment":[{"href":"https:\/\/www.josebernalte.com\/marketing-automatizado\/wp-json\/wp\/v2\/media?parent=114"}],"curies":[{"name":"wp","href":"https:\/\/api.w.org\/{rel}","templated":true}]}}