{"id":9,"date":"2014-06-21T08:16:20","date_gmt":"2014-06-21T08:16:20","guid":{"rendered":"http:\/\/www.enviarsmsmasivos.com\/?page_id=7"},"modified":"2021-12-12T06:42:26","modified_gmt":"2021-12-12T06:42:26","slug":"ventajas-de-enviar-sms-masivos","status":"publish","type":"page","link":"https:\/\/www.josebernalte.com\/sms-marketing\/ventajas-de-enviar-sms-masivos\/","title":{"rendered":"Ventajas de enviar sms masivos"},"content":{"rendered":"\n<p>Las ventajas de enviar SMS masivos son infinitas. El ahorro de tiempo es una de las principales cuestiones por las cuales las empresas con ansias de crecimiento y una funcional y productiva vor\u00e1gine laboral los suelen utilizar. Es que en cuesti\u00f3n de segundos, con la creaci\u00f3n y posterior env\u00edo de un mensaje, es posible alcanzar siderales cifras de prospectos interesados en la adquisici\u00f3n de productos o la contrataci\u00f3n de servicios propios de la compa\u00f1\u00eda en cuesti\u00f3n.<\/p>\n\n\n\n<p>Es en la actualidad indudablemente el medio m\u00e1s directo de contacto con los receptores del mensaje. A diferencia de las propagandas radiales o televisivas, las personas que reciben un SMS deben abrirlo para informarse acerca del contenido, por lo que se garantiza un previo inter\u00e9s en los productos o servicios ofrecidos y una dedicada atenci\u00f3n especial por tratarse de algo que han solicitado con anterioridad al suscribirse a una lista de prospectos.<\/p>\n\n\n\n<p>Otra de las grandes ventajas de enviar SMS masivos&nbsp;a una amplia red de clientes y futuros compradores es la aplicaci\u00f3n del llamado Branding. Se trata de la promoci\u00f3n de la marca, la que en este caso en particular se establece mediante una sencilla configuraci\u00f3n en la cual todos los mensajes generados figurar\u00e1n bajo el mismo emisor.<\/p>\n\n\n\n<p>La disponibilidad del servicio durante las veinticuatro horas los siete d\u00edas de la semana permite un fluido contacto con los receptores, siendo otra de las inobjetables ventajas de enviar SMS masivos. Estos beneficios se acent\u00faan a\u00fan m\u00e1s en aquellas compa\u00f1\u00edas que tienen trascendencia internacional, ya que mediante una previa segmentaci\u00f3n por regi\u00f3n geogr\u00e1fica o pa\u00edses espec\u00edficos puede programarse la hora exacta en la que los usuarios recibir\u00e1n el mensaje.<\/p>\n\n\n\n<p>Obviamente, no es lo mismo recibir un SMS ofreciendo productos y servicios durante pleno apogeo de la madrugada que hacerlo en un habitual horario de comercio o en aquellas franjas horarias que sean m\u00e1s convenientes de acuerdo a las caracter\u00edsticas de la tem\u00e1tica impuesta en el contenido del mensaje.<\/p>\n\n\n\n<p>Al ser mensajes programables y sumamente vers\u00e1tiles, entre las convenientes ventajas de enviar SMS masivos es digna de destacar la posibilidad de utilizar el sistema para informar a los usuarios acerca de la confirmaci\u00f3n de pagos, datos de env\u00edos de productos y opciones para compartir las promociones con amigos o contactos mediante links de acceso directo a las redes sociales.<\/p>\n\n\n\n<p>De esta manera, se origina una nueva y excelente manera de viralizar el mensaje alcanzando niveles incalculables y, por supuesto, realmente beneficiosos en pos de nuevas ventas o contrataciones. Debido a lo expuesto con anterioridad y considerando otras ventajas de enviar SMS masivos, es acertado aseverar que actualmente resulta ser la herramienta m\u00e1s poderosa para garantizar una r\u00e1pida masificaci\u00f3n para la empresa.<\/p>\n","protected":false},"excerpt":{"rendered":"<p>Las ventajas de enviar SMS masivos son infinitas. El ahorro de tiempo es una de las principales cuestiones por las cuales las empresas con ansias de crecimiento y una funcional y productiva vor\u00e1gine laboral los suelen utilizar. Es que en cuesti\u00f3n de segundos, con la creaci\u00f3n y posterior env\u00edo de un mensaje, es posible alcanzar [&hellip;]<\/p>\n","protected":false},"author":1,"featured_media":0,"parent":0,"menu_order":0,"comment_status":"closed","ping_status":"open","template":"","meta":[],"yoast_head":"<!-- This site is optimized with the Yoast SEO plugin v20.5 - https:\/\/yoast.com\/wordpress\/plugins\/seo\/ -->\n<title>Ventajas de enviar sms masivos<\/title>\n<meta name=\"description\" content=\"El ahorro tiempo, la velocidad de env\u00edo y su inmediatez de recepci\u00f3n, el bajo coste y la efectividad son las principales ventajas del env\u00edar sms masivos.\" \/>\n<meta name=\"robots\" content=\"index, follow, max-snippet:-1, max-image-preview:large, max-video-preview:-1\" \/>\n<link rel=\"canonical\" href=\"https:\/\/www.josebernalte.com\/sms-marketing\/ventajas-de-enviar-sms-masivos\/\" \/>\n<meta property=\"og:locale\" content=\"es_ES\" \/>\n<meta property=\"og:type\" content=\"article\" \/>\n<meta property=\"og:title\" content=\"Ventajas de enviar sms masivos\" \/>\n<meta property=\"og:description\" content=\"El ahorro tiempo, la velocidad de env\u00edo y su inmediatez de recepci\u00f3n, el bajo coste y la efectividad son las principales ventajas del env\u00edar sms masivos.\" \/>\n<meta property=\"og:url\" content=\"https:\/\/www.josebernalte.com\/sms-marketing\/ventajas-de-enviar-sms-masivos\/\" \/>\n<meta property=\"og:site_name\" content=\"SMS Marketing\" \/>\n<meta property=\"article:modified_time\" content=\"2021-12-12T06:42:26+00:00\" \/>\n<meta name=\"twitter:card\" content=\"summary_large_image\" \/>\n<meta name=\"twitter:label1\" content=\"Tiempo de lectura\" \/>\n\t<meta name=\"twitter:data1\" content=\"2 minutos\" \/>\n<script type=\"application\/ld+json\" class=\"yoast-schema-graph\">{\"@context\":\"https:\/\/schema.org\",\"@graph\":[{\"@type\":\"WebPage\",\"@id\":\"https:\/\/www.josebernalte.com\/sms-marketing\/ventajas-de-enviar-sms-masivos\/\",\"url\":\"https:\/\/www.josebernalte.com\/sms-marketing\/ventajas-de-enviar-sms-masivos\/\",\"name\":\"Ventajas de enviar sms masivos\",\"isPartOf\":{\"@id\":\"https:\/\/www.josebernalte.com\/sms-marketing\/#website\"},\"datePublished\":\"2014-06-21T08:16:20+00:00\",\"dateModified\":\"2021-12-12T06:42:26+00:00\",\"description\":\"El ahorro tiempo, la velocidad de env\u00edo y su inmediatez de recepci\u00f3n, el bajo coste y la efectividad son las principales ventajas del env\u00edar sms masivos.\",\"breadcrumb\":{\"@id\":\"https:\/\/www.josebernalte.com\/sms-marketing\/ventajas-de-enviar-sms-masivos\/#breadcrumb\"},\"inLanguage\":\"es\",\"potentialAction\":[{\"@type\":\"ReadAction\",\"target\":[\"https:\/\/www.josebernalte.com\/sms-marketing\/ventajas-de-enviar-sms-masivos\/\"]}]},{\"@type\":\"BreadcrumbList\",\"@id\":\"https:\/\/www.josebernalte.com\/sms-marketing\/ventajas-de-enviar-sms-masivos\/#breadcrumb\",\"itemListElement\":[{\"@type\":\"ListItem\",\"position\":1,\"name\":\"Portada\",\"item\":\"https:\/\/www.josebernalte.com\/sms-marketing\/\"},{\"@type\":\"ListItem\",\"position\":2,\"name\":\"Ventajas de enviar sms masivos\"}]},{\"@type\":\"WebSite\",\"@id\":\"https:\/\/www.josebernalte.com\/sms-marketing\/#website\",\"url\":\"https:\/\/www.josebernalte.com\/sms-marketing\/\",\"name\":\"SMS Marketing\",\"description\":\"Aumenta oportunidades de negocio al enviar sms masivo\",\"potentialAction\":[{\"@type\":\"SearchAction\",\"target\":{\"@type\":\"EntryPoint\",\"urlTemplate\":\"https:\/\/www.josebernalte.com\/sms-marketing\/?s={search_term_string}\"},\"query-input\":\"required name=search_term_string\"}],\"inLanguage\":\"es\"}]}<\/script>\n<!-- \/ Yoast SEO plugin. -->","yoast_head_json":{"title":"Ventajas de enviar sms masivos","description":"El ahorro tiempo, la velocidad de env\u00edo y su inmediatez de recepci\u00f3n, el bajo coste y la efectividad son las principales ventajas del env\u00edar sms masivos.","robots":{"index":"index","follow":"follow","max-snippet":"max-snippet:-1","max-image-preview":"max-image-preview:large","max-video-preview":"max-video-preview:-1"},"canonical":"https:\/\/www.josebernalte.com\/sms-marketing\/ventajas-de-enviar-sms-masivos\/","og_locale":"es_ES","og_type":"article","og_title":"Ventajas de enviar sms masivos","og_description":"El ahorro tiempo, la velocidad de env\u00edo y su inmediatez de recepci\u00f3n, el bajo coste y la efectividad son las principales ventajas del env\u00edar sms masivos.","og_url":"https:\/\/www.josebernalte.com\/sms-marketing\/ventajas-de-enviar-sms-masivos\/","og_site_name":"SMS Marketing","article_modified_time":"2021-12-12T06:42:26+00:00","twitter_card":"summary_large_image","twitter_misc":{"Tiempo de lectura":"2 minutos"},"schema":{"@context":"https:\/\/schema.org","@graph":[{"@type":"WebPage","@id":"https:\/\/www.josebernalte.com\/sms-marketing\/ventajas-de-enviar-sms-masivos\/","url":"https:\/\/www.josebernalte.com\/sms-marketing\/ventajas-de-enviar-sms-masivos\/","name":"Ventajas de enviar sms masivos","isPartOf":{"@id":"https:\/\/www.josebernalte.com\/sms-marketing\/#website"},"datePublished":"2014-06-21T08:16:20+00:00","dateModified":"2021-12-12T06:42:26+00:00","description":"El ahorro tiempo, la velocidad de env\u00edo y su inmediatez de recepci\u00f3n, el bajo coste y la efectividad son las principales ventajas del env\u00edar sms masivos.","breadcrumb":{"@id":"https:\/\/www.josebernalte.com\/sms-marketing\/ventajas-de-enviar-sms-masivos\/#breadcrumb"},"inLanguage":"es","potentialAction":[{"@type":"ReadAction","target":["https:\/\/www.josebernalte.com\/sms-marketing\/ventajas-de-enviar-sms-masivos\/"]}]},{"@type":"BreadcrumbList","@id":"https:\/\/www.josebernalte.com\/sms-marketing\/ventajas-de-enviar-sms-masivos\/#breadcrumb","itemListElement":[{"@type":"ListItem","position":1,"name":"Portada","item":"https:\/\/www.josebernalte.com\/sms-marketing\/"},{"@type":"ListItem","position":2,"name":"Ventajas de enviar sms masivos"}]},{"@type":"WebSite","@id":"https:\/\/www.josebernalte.com\/sms-marketing\/#website","url":"https:\/\/www.josebernalte.com\/sms-marketing\/","name":"SMS Marketing","description":"Aumenta oportunidades de negocio al enviar sms masivo","potentialAction":[{"@type":"SearchAction","target":{"@type":"EntryPoint","urlTemplate":"https:\/\/www.josebernalte.com\/sms-marketing\/?s={search_term_string}"},"query-input":"required name=search_term_string"}],"inLanguage":"es"}]}},"_links":{"self":[{"href":"https:\/\/www.josebernalte.com\/sms-marketing\/wp-json\/wp\/v2\/pages\/9"}],"collection":[{"href":"https:\/\/www.josebernalte.com\/sms-marketing\/wp-json\/wp\/v2\/pages"}],"about":[{"href":"https:\/\/www.josebernalte.com\/sms-marketing\/wp-json\/wp\/v2\/types\/page"}],"author":[{"embeddable":true,"href":"https:\/\/www.josebernalte.com\/sms-marketing\/wp-json\/wp\/v2\/users\/1"}],"replies":[{"embeddable":true,"href":"https:\/\/www.josebernalte.com\/sms-marketing\/wp-json\/wp\/v2\/comments?post=9"}],"version-history":[{"count":1,"href":"https:\/\/www.josebernalte.com\/sms-marketing\/wp-json\/wp\/v2\/pages\/9\/revisions"}],"predecessor-version":[{"id":102,"href":"https:\/\/www.josebernalte.com\/sms-marketing\/wp-json\/wp\/v2\/pages\/9\/revisions\/102"}],"wp:attachment":[{"href":"https:\/\/www.josebernalte.com\/sms-marketing\/wp-json\/wp\/v2\/media?parent=9"}],"curies":[{"name":"wp","href":"https:\/\/api.w.org\/{rel}","templated":true}]}}