{"id":33,"date":"2014-07-28T10:31:34","date_gmt":"2014-07-28T10:31:34","guid":{"rendered":"http:\/\/www.automatizarredessociales.com\/?page_id=33"},"modified":"2014-07-28T10:31:34","modified_gmt":"2014-07-28T10:31:34","slug":"ventajas-de-automatizar-redes-sociales","status":"publish","type":"page","link":"https:\/\/www.josebernalte.com\/social-media\/ventajas-de-automatizar-redes-sociales\/","title":{"rendered":"Ventajas de automatizar redes sociales"},"content":{"rendered":"<p>De manera indiscutible, las redes sociales han dejado de ser tan solo una moda pasajera para consolidarse definitivamente como los canales de comunicaci\u00f3n por excelencia entre las personas, independientemente del lugar del mundo donde habiten, el lenguaje que hablen e incluso, y gracias al avance de las redes WiFi, los diferentes sectores de cada sociedad en particular.<\/p>\n<p>Al ser aplicadas exclusivamente como medios para establecer estrategias de marketing online, sus beneficios son infinitos y pueden potenciar r\u00e1pidamente el alcance y eficacia de los procesos de promoci\u00f3n y comercializaci\u00f3n de productos y servicios desde una plataforma virtual en la que se centran las actividades y recursos virtuales propios de la empresa.<\/p>\n<p>Si bien la operatividad de las diferentes redes sociales suele resultar sencilla, una adecuada automatizaci\u00f3n de las publicaciones y actualizaciones pertinentes al acontecer de la compa\u00f1\u00eda es una forma incre\u00edble de minimizar esfuerzos y aprovechar al m\u00e1ximo el tiempo disponible.<\/p>\n<p>B\u00e1sicamente, un posteo en Facebook o un tweet en Twitter pueden programarse con antelaci\u00f3n, detall\u00e1ndose previamente la fecha y horario en el que se pretende que la actualizaci\u00f3n del estado sea concretada. La oportunidad que brindan las herramientas inform\u00e1ticas actuales permite centralizar todos esos procesos en una misma central operativa; todo desde la comodidad del hogar o la oficina ingresando desde un ordenador.<\/p>\n<p>Entre las principales ventajas de automatizar las redes sociales se encuentra la r\u00e1pida viralizaci\u00f3n de los mensajes a compartir con los contactos, seguidores o la denominaci\u00f3n que corresponde de acuerdo a la red social de la que se trate. Al programar el mensaje, es posible que el mismo se reproduzca al instante en distintos sitios web donde la interacci\u00f3n con las redes sociales es una constante.<\/p>\n<p>Otra de las ventajas de automatizar las redes sociales es que, al poder programar los mensajes, es factible elegir el d\u00eda de la semana e incluso el horario m\u00e1s conveniente para promocionar un producto. Un caso ejemplificador es el de una compa\u00f1\u00eda teatral que realice funciones los d\u00edas s\u00e1bado por la noche.<\/p>\n<p>En ese caso, las publicaciones pueden establecerse para que autom\u00e1ticamente sean compartidas el d\u00eda anterior y a horas de que el espect\u00e1culo d\u00e9 comienzo, atrayendo seguramente una mayor cantidad de espectadores gracias a la conveniencia de una publicaci\u00f3n en tiempo y forma dentro de las redes sociales.<\/p>\n<p>Desde el punto de vista de la operatividad de la compa\u00f1\u00eda, las ventajas de automatizar las redes sociales son inminentes. Dentro del horario normal del cumplimiento de las tareas dentro de una corporaci\u00f3n e incluso en el caso de los emprendedores particulares, es posible abarcar diferentes franjas horarios, d\u00edas correspondientes a los fines de semana y feriados sin desvirtuar las habituales modalidades de trabajo.<\/p>\n","protected":false},"excerpt":{"rendered":"<p>De manera indiscutible, las redes sociales han dejado de ser tan solo una moda pasajera para consolidarse definitivamente como los canales de comunicaci\u00f3n por excelencia entre las personas, independientemente del lugar del mundo donde habiten, el lenguaje que hablen e incluso, y gracias al avance de las redes WiFi, los diferentes sectores de cada sociedad [&hellip;]<\/p>\n","protected":false},"author":1,"featured_media":0,"parent":0,"menu_order":0,"comment_status":"closed","ping_status":"open","template":"","meta":[],"yoast_head":"<!-- This site is optimized with the Yoast SEO plugin v20.5 - https:\/\/yoast.com\/wordpress\/plugins\/seo\/ -->\n<title>Ventajas de automatizar redes sociales - Social Media<\/title>\n<meta name=\"description\" content=\"Automatizar las redes sociales aporta beneficios como mantener m\u00e1s redes sociales con menos esfuerzo y coste. Con\u00f3ce las ventajas de automatizar las redes.\" \/>\n<meta name=\"robots\" content=\"index, follow, max-snippet:-1, max-image-preview:large, max-video-preview:-1\" \/>\n<link rel=\"canonical\" href=\"https:\/\/www.josebernalte.com\/social-media\/ventajas-de-automatizar-redes-sociales\/\" \/>\n<meta property=\"og:locale\" content=\"es_ES\" \/>\n<meta property=\"og:type\" content=\"article\" \/>\n<meta property=\"og:title\" content=\"Ventajas de automatizar redes sociales - Social Media\" \/>\n<meta property=\"og:description\" content=\"Automatizar las redes sociales aporta beneficios como mantener m\u00e1s redes sociales con menos esfuerzo y coste. Con\u00f3ce las ventajas de automatizar las redes.\" \/>\n<meta property=\"og:url\" content=\"https:\/\/www.josebernalte.com\/social-media\/ventajas-de-automatizar-redes-sociales\/\" \/>\n<meta property=\"og:site_name\" content=\"Social Media\" \/>\n<meta name=\"twitter:card\" content=\"summary_large_image\" \/>\n<meta name=\"twitter:label1\" content=\"Tiempo de lectura\" \/>\n\t<meta name=\"twitter:data1\" content=\"2 minutos\" \/>\n<script type=\"application\/ld+json\" class=\"yoast-schema-graph\">{\"@context\":\"https:\/\/schema.org\",\"@graph\":[{\"@type\":\"WebPage\",\"@id\":\"https:\/\/www.josebernalte.com\/social-media\/ventajas-de-automatizar-redes-sociales\/\",\"url\":\"https:\/\/www.josebernalte.com\/social-media\/ventajas-de-automatizar-redes-sociales\/\",\"name\":\"Ventajas de automatizar redes sociales - Social Media\",\"isPartOf\":{\"@id\":\"https:\/\/www.josebernalte.com\/social-media\/#website\"},\"datePublished\":\"2014-07-28T10:31:34+00:00\",\"dateModified\":\"2014-07-28T10:31:34+00:00\",\"description\":\"Automatizar las redes sociales aporta beneficios como mantener m\u00e1s redes sociales con menos esfuerzo y coste. Con\u00f3ce las ventajas de automatizar las redes.\",\"breadcrumb\":{\"@id\":\"https:\/\/www.josebernalte.com\/social-media\/ventajas-de-automatizar-redes-sociales\/#breadcrumb\"},\"inLanguage\":\"es\",\"potentialAction\":[{\"@type\":\"ReadAction\",\"target\":[\"https:\/\/www.josebernalte.com\/social-media\/ventajas-de-automatizar-redes-sociales\/\"]}]},{\"@type\":\"BreadcrumbList\",\"@id\":\"https:\/\/www.josebernalte.com\/social-media\/ventajas-de-automatizar-redes-sociales\/#breadcrumb\",\"itemListElement\":[{\"@type\":\"ListItem\",\"position\":1,\"name\":\"Portada\",\"item\":\"https:\/\/www.josebernalte.com\/social-media\/\"},{\"@type\":\"ListItem\",\"position\":2,\"name\":\"Ventajas de automatizar redes sociales\"}]},{\"@type\":\"WebSite\",\"@id\":\"https:\/\/www.josebernalte.com\/social-media\/#website\",\"url\":\"https:\/\/www.josebernalte.com\/social-media\/\",\"name\":\"Social Media\",\"description\":\"Gesti\u00f3n y Automatizaci\u00f3n de redes sociales\",\"potentialAction\":[{\"@type\":\"SearchAction\",\"target\":{\"@type\":\"EntryPoint\",\"urlTemplate\":\"https:\/\/www.josebernalte.com\/social-media\/?s={search_term_string}\"},\"query-input\":\"required name=search_term_string\"}],\"inLanguage\":\"es\"}]}<\/script>\n<!-- \/ Yoast SEO plugin. -->","yoast_head_json":{"title":"Ventajas de automatizar redes sociales - Social Media","description":"Automatizar las redes sociales aporta beneficios como mantener m\u00e1s redes sociales con menos esfuerzo y coste. Con\u00f3ce las ventajas de automatizar las redes.","robots":{"index":"index","follow":"follow","max-snippet":"max-snippet:-1","max-image-preview":"max-image-preview:large","max-video-preview":"max-video-preview:-1"},"canonical":"https:\/\/www.josebernalte.com\/social-media\/ventajas-de-automatizar-redes-sociales\/","og_locale":"es_ES","og_type":"article","og_title":"Ventajas de automatizar redes sociales - Social Media","og_description":"Automatizar las redes sociales aporta beneficios como mantener m\u00e1s redes sociales con menos esfuerzo y coste. Con\u00f3ce las ventajas de automatizar las redes.","og_url":"https:\/\/www.josebernalte.com\/social-media\/ventajas-de-automatizar-redes-sociales\/","og_site_name":"Social Media","twitter_card":"summary_large_image","twitter_misc":{"Tiempo de lectura":"2 minutos"},"schema":{"@context":"https:\/\/schema.org","@graph":[{"@type":"WebPage","@id":"https:\/\/www.josebernalte.com\/social-media\/ventajas-de-automatizar-redes-sociales\/","url":"https:\/\/www.josebernalte.com\/social-media\/ventajas-de-automatizar-redes-sociales\/","name":"Ventajas de automatizar redes sociales - Social Media","isPartOf":{"@id":"https:\/\/www.josebernalte.com\/social-media\/#website"},"datePublished":"2014-07-28T10:31:34+00:00","dateModified":"2014-07-28T10:31:34+00:00","description":"Automatizar las redes sociales aporta beneficios como mantener m\u00e1s redes sociales con menos esfuerzo y coste. Con\u00f3ce las ventajas de automatizar las redes.","breadcrumb":{"@id":"https:\/\/www.josebernalte.com\/social-media\/ventajas-de-automatizar-redes-sociales\/#breadcrumb"},"inLanguage":"es","potentialAction":[{"@type":"ReadAction","target":["https:\/\/www.josebernalte.com\/social-media\/ventajas-de-automatizar-redes-sociales\/"]}]},{"@type":"BreadcrumbList","@id":"https:\/\/www.josebernalte.com\/social-media\/ventajas-de-automatizar-redes-sociales\/#breadcrumb","itemListElement":[{"@type":"ListItem","position":1,"name":"Portada","item":"https:\/\/www.josebernalte.com\/social-media\/"},{"@type":"ListItem","position":2,"name":"Ventajas de automatizar redes sociales"}]},{"@type":"WebSite","@id":"https:\/\/www.josebernalte.com\/social-media\/#website","url":"https:\/\/www.josebernalte.com\/social-media\/","name":"Social Media","description":"Gesti\u00f3n y Automatizaci\u00f3n de redes sociales","potentialAction":[{"@type":"SearchAction","target":{"@type":"EntryPoint","urlTemplate":"https:\/\/www.josebernalte.com\/social-media\/?s={search_term_string}"},"query-input":"required name=search_term_string"}],"inLanguage":"es"}]}},"_links":{"self":[{"href":"https:\/\/www.josebernalte.com\/social-media\/wp-json\/wp\/v2\/pages\/33"}],"collection":[{"href":"https:\/\/www.josebernalte.com\/social-media\/wp-json\/wp\/v2\/pages"}],"about":[{"href":"https:\/\/www.josebernalte.com\/social-media\/wp-json\/wp\/v2\/types\/page"}],"author":[{"embeddable":true,"href":"https:\/\/www.josebernalte.com\/social-media\/wp-json\/wp\/v2\/users\/1"}],"replies":[{"embeddable":true,"href":"https:\/\/www.josebernalte.com\/social-media\/wp-json\/wp\/v2\/comments?post=33"}],"version-history":[{"count":0,"href":"https:\/\/www.josebernalte.com\/social-media\/wp-json\/wp\/v2\/pages\/33\/revisions"}],"wp:attachment":[{"href":"https:\/\/www.josebernalte.com\/social-media\/wp-json\/wp\/v2\/media?parent=33"}],"curies":[{"name":"wp","href":"https:\/\/api.w.org\/{rel}","templated":true}]}}