{"id":35,"date":"2014-07-28T10:36:53","date_gmt":"2014-07-28T10:36:53","guid":{"rendered":"http:\/\/www.automatizarredessociales.com\/?page_id=35"},"modified":"2014-07-28T10:36:53","modified_gmt":"2014-07-28T10:36:53","slug":"que-es","status":"publish","type":"page","link":"https:\/\/www.josebernalte.com\/social-media\/que-es\/","title":{"rendered":"\u00bfQu\u00e9 es automatizar las redes sociales?"},"content":{"rendered":"<p>Existe actualmente un concepto que ha logrado una suprema notoriedad dentro de las herramientas utilizadas para el desarrollo del marketing online. La mayor\u00eda de las empresas y una gran cantidad de emprendedores han podido sacar un importante provecho a la metodolog\u00eda de trabajo que es empleada al utilizarlo. Se trata, en definitiva, de automatizar las redes sociales con el prop\u00f3sito de que las mismas trabajan en beneficio de la marca durante las veinticuatro horas, los trescientos sesenta y cinco d\u00edas de la semana<\/p>\n<p>Pero, \u00bfen qu\u00e9 consiste en definitiva el alcance de este concepto? B\u00e1sicamente, es una productiva e inteligente manera de trabajar sacando el m\u00e1ximo potencial posible al invalorable recurso que significan las redes sociales en los actuales modelos de promoci\u00f3n y comercializaci\u00f3n de productos o servicios.<\/p>\n<p>Gracias a herramientas dise\u00f1adas especialmente para postear, compartir o twittear publicaciones de forma programada, es factible establecer d\u00edas y horarios espec\u00edficos en los cuales los mensajes editados con antelaci\u00f3n aparecen en los distintos perfiles de cada una de las redes sociales incorporadas, las que forman parte de la imagen que la empresa mantiene en internet.<\/p>\n<p>M\u00e1s a\u00fan, un mismo mensaje promocionando productos o anunciando descuentos especiales puede ser reiterado en varias oportunidades durante el transcurso de un mismo d\u00eda. En definitiva, no existen l\u00edmites para obtener la mayor cantidad de beneficios posibles de ese gran universo de potenciales clientes que significan las redes sociales, y solo con una simple publicaci\u00f3n viralizada en piloto autom\u00e1tico.<\/p>\n<p>Si bien para desarrollar una consciente y efectiva campa\u00f1a de marketing en redes sociales es necesario realizar un permanente seguimiento de cada publicaci\u00f3n realizada y las respuestas obtenidas de las reacciones del p\u00fablico en general, la automatizaci\u00f3n de las redes sociales significa un impresionante alivio. En cuesti\u00f3n de minutos, es probable que se pueda diagramar y automatizar las publicaciones correspondientes a una o m\u00e1s semanas, incluso meses posteriores a la programaci\u00f3n de las mismas.<\/p>\n<p>El principal secreto radica en encontrar el equilibrio necesario y tener verdaderamente clara la idea de cu\u00e1ndo es suficiente solo con automatizar y en qu\u00e9 momentos es preciso interactuar directamente con los actuales o futuros clientes. El contenido de las publicaciones es esencial para generar una buena imagen de la marca en las redes sociales.<\/p>\n<p>Al automatizar las publicaciones se consiguen dos logros claves: interesar a la audiencia en general y obtener mayor cantidad de tiempo libre para evaluar estad\u00edsticas y establecer, en caso de ser necesario, modificaciones en la diagramaci\u00f3n original de una campa\u00f1a de marketing.<\/p>\n<p>Beneficiarse de las ventajas de contar con la publicaci\u00f3n programada de mensajes como una acci\u00f3n rutinaria preestablecida que permite obtener grandes resultados debido a su importante alcance no es algo costoso. Considerando la relaci\u00f3n coste &#8211; beneficios, las cifras a invertir para comenzar a operar de manera automatizada en las redes sociales resultan irrisorias.<\/p>\n","protected":false},"excerpt":{"rendered":"<p>Existe actualmente un concepto que ha logrado una suprema notoriedad dentro de las herramientas utilizadas para el desarrollo del marketing online. La mayor\u00eda de las empresas y una gran cantidad de emprendedores han podido sacar un importante provecho a la metodolog\u00eda de trabajo que es empleada al utilizarlo. Se trata, en definitiva, de automatizar las [&hellip;]<\/p>\n","protected":false},"author":1,"featured_media":0,"parent":0,"menu_order":0,"comment_status":"closed","ping_status":"open","template":"","meta":[],"yoast_head":"<!-- This site is optimized with the Yoast SEO plugin v20.5 - https:\/\/yoast.com\/wordpress\/plugins\/seo\/ -->\n<title>\u00bfQu\u00e9 es automatizar las redes sociales? - Social Media<\/title>\n<meta name=\"robots\" content=\"index, follow, max-snippet:-1, max-image-preview:large, max-video-preview:-1\" \/>\n<link rel=\"canonical\" href=\"https:\/\/www.josebernalte.com\/social-media\/que-es\/\" \/>\n<meta property=\"og:locale\" content=\"es_ES\" \/>\n<meta property=\"og:type\" content=\"article\" \/>\n<meta property=\"og:title\" content=\"\u00bfQu\u00e9 es automatizar las redes sociales? - Social Media\" \/>\n<meta property=\"og:description\" content=\"Existe actualmente un concepto que ha logrado una suprema notoriedad dentro de las herramientas utilizadas para el desarrollo del marketing online. La mayor\u00eda de las empresas y una gran cantidad de emprendedores han podido sacar un importante provecho a la metodolog\u00eda de trabajo que es empleada al utilizarlo. Se trata, en definitiva, de automatizar las [&hellip;]\" \/>\n<meta property=\"og:url\" content=\"https:\/\/www.josebernalte.com\/social-media\/que-es\/\" \/>\n<meta property=\"og:site_name\" content=\"Social Media\" \/>\n<meta name=\"twitter:card\" content=\"summary_large_image\" \/>\n<meta name=\"twitter:label1\" content=\"Tiempo de lectura\" \/>\n\t<meta name=\"twitter:data1\" content=\"2 minutos\" \/>\n<script type=\"application\/ld+json\" class=\"yoast-schema-graph\">{\"@context\":\"https:\/\/schema.org\",\"@graph\":[{\"@type\":\"WebPage\",\"@id\":\"https:\/\/www.josebernalte.com\/social-media\/que-es\/\",\"url\":\"https:\/\/www.josebernalte.com\/social-media\/que-es\/\",\"name\":\"\u00bfQu\u00e9 es automatizar las redes sociales? - Social Media\",\"isPartOf\":{\"@id\":\"https:\/\/www.josebernalte.com\/social-media\/#website\"},\"datePublished\":\"2014-07-28T10:36:53+00:00\",\"dateModified\":\"2014-07-28T10:36:53+00:00\",\"breadcrumb\":{\"@id\":\"https:\/\/www.josebernalte.com\/social-media\/que-es\/#breadcrumb\"},\"inLanguage\":\"es\",\"potentialAction\":[{\"@type\":\"ReadAction\",\"target\":[\"https:\/\/www.josebernalte.com\/social-media\/que-es\/\"]}]},{\"@type\":\"BreadcrumbList\",\"@id\":\"https:\/\/www.josebernalte.com\/social-media\/que-es\/#breadcrumb\",\"itemListElement\":[{\"@type\":\"ListItem\",\"position\":1,\"name\":\"Portada\",\"item\":\"https:\/\/www.josebernalte.com\/social-media\/\"},{\"@type\":\"ListItem\",\"position\":2,\"name\":\"\u00bfQu\u00e9 es automatizar las redes sociales?\"}]},{\"@type\":\"WebSite\",\"@id\":\"https:\/\/www.josebernalte.com\/social-media\/#website\",\"url\":\"https:\/\/www.josebernalte.com\/social-media\/\",\"name\":\"Social Media\",\"description\":\"Gesti\u00f3n y Automatizaci\u00f3n de redes sociales\",\"potentialAction\":[{\"@type\":\"SearchAction\",\"target\":{\"@type\":\"EntryPoint\",\"urlTemplate\":\"https:\/\/www.josebernalte.com\/social-media\/?s={search_term_string}\"},\"query-input\":\"required name=search_term_string\"}],\"inLanguage\":\"es\"}]}<\/script>\n<!-- \/ Yoast SEO plugin. -->","yoast_head_json":{"title":"\u00bfQu\u00e9 es automatizar las redes sociales? - Social Media","robots":{"index":"index","follow":"follow","max-snippet":"max-snippet:-1","max-image-preview":"max-image-preview:large","max-video-preview":"max-video-preview:-1"},"canonical":"https:\/\/www.josebernalte.com\/social-media\/que-es\/","og_locale":"es_ES","og_type":"article","og_title":"\u00bfQu\u00e9 es automatizar las redes sociales? - Social Media","og_description":"Existe actualmente un concepto que ha logrado una suprema notoriedad dentro de las herramientas utilizadas para el desarrollo del marketing online. La mayor\u00eda de las empresas y una gran cantidad de emprendedores han podido sacar un importante provecho a la metodolog\u00eda de trabajo que es empleada al utilizarlo. Se trata, en definitiva, de automatizar las [&hellip;]","og_url":"https:\/\/www.josebernalte.com\/social-media\/que-es\/","og_site_name":"Social Media","twitter_card":"summary_large_image","twitter_misc":{"Tiempo de lectura":"2 minutos"},"schema":{"@context":"https:\/\/schema.org","@graph":[{"@type":"WebPage","@id":"https:\/\/www.josebernalte.com\/social-media\/que-es\/","url":"https:\/\/www.josebernalte.com\/social-media\/que-es\/","name":"\u00bfQu\u00e9 es automatizar las redes sociales? - Social Media","isPartOf":{"@id":"https:\/\/www.josebernalte.com\/social-media\/#website"},"datePublished":"2014-07-28T10:36:53+00:00","dateModified":"2014-07-28T10:36:53+00:00","breadcrumb":{"@id":"https:\/\/www.josebernalte.com\/social-media\/que-es\/#breadcrumb"},"inLanguage":"es","potentialAction":[{"@type":"ReadAction","target":["https:\/\/www.josebernalte.com\/social-media\/que-es\/"]}]},{"@type":"BreadcrumbList","@id":"https:\/\/www.josebernalte.com\/social-media\/que-es\/#breadcrumb","itemListElement":[{"@type":"ListItem","position":1,"name":"Portada","item":"https:\/\/www.josebernalte.com\/social-media\/"},{"@type":"ListItem","position":2,"name":"\u00bfQu\u00e9 es automatizar las redes sociales?"}]},{"@type":"WebSite","@id":"https:\/\/www.josebernalte.com\/social-media\/#website","url":"https:\/\/www.josebernalte.com\/social-media\/","name":"Social Media","description":"Gesti\u00f3n y Automatizaci\u00f3n de redes sociales","potentialAction":[{"@type":"SearchAction","target":{"@type":"EntryPoint","urlTemplate":"https:\/\/www.josebernalte.com\/social-media\/?s={search_term_string}"},"query-input":"required name=search_term_string"}],"inLanguage":"es"}]}},"_links":{"self":[{"href":"https:\/\/www.josebernalte.com\/social-media\/wp-json\/wp\/v2\/pages\/35"}],"collection":[{"href":"https:\/\/www.josebernalte.com\/social-media\/wp-json\/wp\/v2\/pages"}],"about":[{"href":"https:\/\/www.josebernalte.com\/social-media\/wp-json\/wp\/v2\/types\/page"}],"author":[{"embeddable":true,"href":"https:\/\/www.josebernalte.com\/social-media\/wp-json\/wp\/v2\/users\/1"}],"replies":[{"embeddable":true,"href":"https:\/\/www.josebernalte.com\/social-media\/wp-json\/wp\/v2\/comments?post=35"}],"version-history":[{"count":0,"href":"https:\/\/www.josebernalte.com\/social-media\/wp-json\/wp\/v2\/pages\/35\/revisions"}],"wp:attachment":[{"href":"https:\/\/www.josebernalte.com\/social-media\/wp-json\/wp\/v2\/media?parent=35"}],"curies":[{"name":"wp","href":"https:\/\/api.w.org\/{rel}","templated":true}]}}